{"id":1887,"date":"2025-10-04T12:05:33","date_gmt":"2025-10-04T10:05:33","guid":{"rendered":"https:\/\/www.hunteria.pl\/?post_type=product&#038;p=1887"},"modified":"2025-10-04T12:13:54","modified_gmt":"2025-10-04T10:13:54","slug":"glock-19-gen5-mos-9mm-para-glock-do-brasil","status":"publish","type":"product","link":"https:\/\/www.hunteria.pl\/?product=glock-19-gen5-mos-9mm-para-glock-do-brasil","title":{"rendered":"Glock 19 Gen5 MOS 9mm Para \u2013 \u201eGLOCK do Brasil\u201d"},"content":{"rendered":"<h3>Glock 19 Gen5 MOS 9mm Para \u2013 \u201eGLOCK do Brasil\u201d<\/h3>\n<div class=\"container bg-white\">\n<section>\n<div class=\"distro-part-view box\">GLOCK 19 Gen5 MOS 9mm Para \u2013 \u201eGLOCK do Brasil\u201d<\/p>\n<p>Kompaktowy pistolet GLOCK 19 w pi\u0105tej generacji, w wersji MOS (\u201eModular Optic System\u201d), stanowi uniwersalne rozwi\u0105zanie dla strzelc\u00f3w sportowych, obronnych i profesjonalnych. Model \u201eGLOCK do Brasil\u201d to wyj\u0105tkowa propozycja w atrakcyjnej cenie, z bogatym wyposa\u017ceniem.<\/p>\n<p>Cechy szczeg\u00f3lne:<br \/>\n\u2022 kaliber: 9&#215;19 mm Para<br \/>\n\u2022 kompaktowy rozmiar \u2013 idealny do skrytego noszenia i u\u017cytku s\u0142u\u017cbowego<br \/>\n\u2022 system MOS \u2013 mo\u017cliwo\u015b\u0107 szybkiego monta\u017cu kolimator\u00f3w<br \/>\n\u2022 fabryczne metalowe przyrz\u0105dy celownicze z wk\u0142adkami trytowymi (night sights)<br \/>\n\u2022 w zestawie 3 magazynki w standardzie<br \/>\n\u2022 konstrukcja pi\u0105tej generacji \u2013 udoskonalona ergonomia, obustronne manipulatory, lufa GLOCK Marksman Barrel<\/p>\n<p>GLOCK 19 Gen5 MOS to po\u0142\u0105czenie kompaktowych wymiar\u00f3w z pe\u0142n\u0105 funkcjonalno\u015bci\u0105 i niezawodno\u015bci\u0105 legendarnej austriackiej konstrukcji.<\/p>\n<div class=\"clear20\"><\/div>\n<\/div>\n<\/section>\n<\/div>\n<div class=\"container bg-white\"><\/div>\n","protected":false},"excerpt":{"rendered":"<div class=\"container bg-white\">\n<section>\n<div class=\"distro-part-view box\">GLOCK 19 Gen5 MOS 9mm Para \u2013 \u201eGLOCK do Brasil\u201d<\/p>\n<p>Kompaktowy pistolet GLOCK 19 w pi\u0105tej generacji, w wersji MOS (\u201eModular Optic System\u201d), stanowi uniwersalne rozwi\u0105zanie dla strzelc\u00f3w sportowych, obronnych i profesjonalnych. Model \u201eGLOCK do Brasil\u201d to wyj\u0105tkowa propozycja w atrakcyjnej cenie, z bogatym wyposa\u017ceniem.<\/p>\n<p>Cechy szczeg\u00f3lne:<br \/>\n\u2022 kaliber: 9&#215;19 mm Para<br \/>\n\u2022 kompaktowy rozmiar \u2013 idealny do skrytego noszenia i u\u017cytku s\u0142u\u017cbowego<br \/>\n\u2022 system MOS \u2013 mo\u017cliwo\u015b\u0107 szybkiego monta\u017cu kolimator\u00f3w<br \/>\n\u2022 fabryczne metalowe przyrz\u0105dy celownicze z wk\u0142adkami trytowymi (night sights)<br \/>\n\u2022 w zestawie 3 magazynki w standardzie<br \/>\n\u2022 konstrukcja pi\u0105tej generacji \u2013 udoskonalona ergonomia, obustronne manipulatory, lufa GLOCK Marksman Barrel<\/p>\n<p>GLOCK 19 Gen5 MOS to po\u0142\u0105czenie kompaktowych wymiar\u00f3w z pe\u0142n\u0105 funkcjonalno\u015bci\u0105 i niezawodno\u015bci\u0105 legendarnej austriackiej konstrukcji.<\/p>\n<div class=\"clear20\"><\/div>\n<\/div>\n<\/section>\n<\/div>\n<div class=\"container bg-white\"><\/div>\n","protected":false},"featured_media":1888,"comment_status":"open","ping_status":"closed","template":"","meta":{"ocean_post_layout":"full-width","ocean_both_sidebars_style":"","ocean_both_sidebars_content_width":0,"ocean_both_sidebars_sidebars_width":0,"ocean_sidebar":"0","ocean_second_sidebar":"0","ocean_disable_margins":"enable","ocean_add_body_class":"","ocean_shortcode_before_top_bar":"","ocean_shortcode_after_top_bar":"","ocean_shortcode_before_header":"","ocean_shortcode_after_header":"","ocean_has_shortcode":"","ocean_shortcode_after_title":"","ocean_shortcode_before_footer_widgets":"","ocean_shortcode_after_footer_widgets":"","ocean_shortcode_before_footer_bottom":"","ocean_shortcode_after_footer_bottom":"","ocean_display_top_bar":"default","ocean_display_header":"default","ocean_header_style":"","ocean_center_header_left_menu":"0","ocean_custom_header_template":"0","ocean_custom_logo":1710,"ocean_custom_retina_logo":0,"ocean_custom_logo_max_width":0,"ocean_custom_logo_tablet_max_width":0,"ocean_custom_logo_mobile_max_width":0,"ocean_custom_logo_max_height":0,"ocean_custom_logo_tablet_max_height":0,"ocean_custom_logo_mobile_max_height":0,"ocean_header_custom_menu":"0","ocean_menu_typo_font_family":"0","ocean_menu_typo_font_subset":"","ocean_menu_typo_font_size":0,"ocean_menu_typo_font_size_tablet":0,"ocean_menu_typo_font_size_mobile":0,"ocean_menu_typo_font_size_unit":"px","ocean_menu_typo_font_weight":"","ocean_menu_typo_font_weight_tablet":"","ocean_menu_typo_font_weight_mobile":"","ocean_menu_typo_transform":"","ocean_menu_typo_transform_tablet":"","ocean_menu_typo_transform_mobile":"","ocean_menu_typo_line_height":0,"ocean_menu_typo_line_height_tablet":0,"ocean_menu_typo_line_height_mobile":0,"ocean_menu_typo_line_height_unit":"","ocean_menu_typo_spacing":0,"ocean_menu_typo_spacing_tablet":0,"ocean_menu_typo_spacing_mobile":0,"ocean_menu_typo_spacing_unit":"","ocean_menu_link_color":"","ocean_menu_link_color_hover":"","ocean_menu_link_color_active":"","ocean_menu_link_background":"","ocean_menu_link_hover_background":"","ocean_menu_link_active_background":"","ocean_menu_social_links_bg":"","ocean_menu_social_hover_links_bg":"","ocean_menu_social_links_color":"","ocean_menu_social_hover_links_color":"","ocean_disable_title":"default","ocean_disable_heading":"default","ocean_post_title":"","ocean_post_subheading":"","ocean_post_title_style":"","ocean_post_title_background_color":"","ocean_post_title_background":0,"ocean_post_title_bg_image_position":"","ocean_post_title_bg_image_attachment":"","ocean_post_title_bg_image_repeat":"","ocean_post_title_bg_image_size":"","ocean_post_title_height":0,"ocean_post_title_bg_overlay":0.5,"ocean_post_title_bg_overlay_color":"","ocean_disable_breadcrumbs":"default","ocean_breadcrumbs_color":"","ocean_breadcrumbs_separator_color":"","ocean_breadcrumbs_links_color":"","ocean_breadcrumbs_links_hover_color":"","ocean_display_footer_widgets":"default","ocean_display_footer_bottom":"default","ocean_custom_footer_template":"0"},"product_brand":[],"product_cat":[38,83,84],"product_tag":[],"class_list":{"0":"post-1887","1":"product","2":"type-product","3":"status-publish","4":"has-post-thumbnail","6":"product_cat-bron","7":"product_cat-bron-krotka","8":"product_cat-pistolety","10":"entry","11":"has-media","13":"first","14":"instock","15":"sale","16":"taxable","17":"shipping-taxable","18":"product-type-simple","19":"has-product-nav","20":"col","21":"span_1_of_3","22":"owp-content-center","23":"owp-thumbs-layout-horizontal","24":"owp-btn-normal","25":"owp-tabs-layout-horizontal"},"jetpack_sharing_enabled":true,"_links":{"self":[{"href":"https:\/\/www.hunteria.pl\/index.php?rest_route=\/wp\/v2\/product\/1887","targetHints":{"allow":["GET"]}}],"collection":[{"href":"https:\/\/www.hunteria.pl\/index.php?rest_route=\/wp\/v2\/product"}],"about":[{"href":"https:\/\/www.hunteria.pl\/index.php?rest_route=\/wp\/v2\/types\/product"}],"replies":[{"embeddable":true,"href":"https:\/\/www.hunteria.pl\/index.php?rest_route=%2Fwp%2Fv2%2Fcomments&post=1887"}],"wp:featuredmedia":[{"embeddable":true,"href":"https:\/\/www.hunteria.pl\/index.php?rest_route=\/wp\/v2\/media\/1888"}],"wp:attachment":[{"href":"https:\/\/www.hunteria.pl\/index.php?rest_route=%2Fwp%2Fv2%2Fmedia&parent=1887"}],"wp:term":[{"taxonomy":"product_brand","embeddable":true,"href":"https:\/\/www.hunteria.pl\/index.php?rest_route=%2Fwp%2Fv2%2Fproduct_brand&post=1887"},{"taxonomy":"product_cat","embeddable":true,"href":"https:\/\/www.hunteria.pl\/index.php?rest_route=%2Fwp%2Fv2%2Fproduct_cat&post=1887"},{"taxonomy":"product_tag","embeddable":true,"href":"https:\/\/www.hunteria.pl\/index.php?rest_route=%2Fwp%2Fv2%2Fproduct_tag&post=1887"}],"curies":[{"name":"wp","href":"https:\/\/api.w.org\/{rel}","templated":true}]}}