{"id":1868,"date":"2025-06-28T11:03:31","date_gmt":"2025-06-28T09:03:31","guid":{"rendered":"https:\/\/www.hunteria.pl\/?post_type=product&#038;p=1868"},"modified":"2025-06-28T11:03:31","modified_gmt":"2025-06-28T09:03:31","slug":"luneta-termowizyjna-z-dalmierzem-nocpix-bolt-p25r","status":"publish","type":"product","link":"https:\/\/www.hunteria.pl\/?product=luneta-termowizyjna-z-dalmierzem-nocpix-bolt-p25r","title":{"rendered":"Luneta termowizyjna z dalmierzem Nocpix Bolt P25R"},"content":{"rendered":"<p><strong>Luneta termowizyjna z dalmierzem Nocpix Bolt P25R<\/strong><\/p>\n<ul>\n<li><strong>Rozdzielczo\u015b\u0107 detektora, piksele:<\/strong>\u00a0256&#215;192<\/li>\n<li><strong>Rozmiar piksela detektora, \u03bcm:<\/strong>\u00a012<\/li>\n<li><strong>NETD, mK:<\/strong>\u00a0\u226420<\/li>\n<li><strong>Od\u015bwie\u017canie obrazu (Hz):<\/strong>\u00a050Hz<\/li>\n<li><strong>Obiektyw, mm:<\/strong>\u00a025 F1.0<\/li>\n<li><strong>Pole widzenia (H\u00d7V), \u00b0\/m@100m:<\/strong>\u00a07.0\u00d75.3\/12.3\u00d79.2<\/li>\n<li><strong>Zoom cyfrowy (x):<\/strong>\u00a03.5~14<\/li>\n<li><strong>Zasi\u0119g wykrywania, m (Rozmiar docelowy: 1,7m\u00d70,5m, P(n) 99%);<\/strong>\u00a01200<\/li>\n<li><strong>Wielko\u015b\u0107 \u017arenicy wyj\u015bciowa, mm:<\/strong>\u00a050<\/li>\n<li><strong>Dioptrie, D:<\/strong>\u00a0-5~+5<\/li>\n<li><strong>Rozdzielczo\u015b\u0107 wy\u015bwietlacza, piksele:<\/strong>\u00a01024\u00d7768<\/li>\n<li><strong>Akumulator:<\/strong>\u00a0Wbudowany akumulator \/ 5000mAh + wymienny akumulator 18650<\/li>\n<li><strong>Maks. Czas pracy (22 \u2103)*, godz:<\/strong>\u00a012<\/li>\n<li><strong>Zasi\u0119g dalmierza laserowego, m:<\/strong>\u00a01200<\/li>\n<li><strong>Pojemno\u015b\u0107 pami\u0119ci, GB:<\/strong>\u00a032<\/li>\n<li><strong>Stopie\u0144 ochrony IP:<\/strong>\u00a0IP67<\/li>\n<li><strong>Temperatura pracy, \u2103:\u00a0<\/strong>-20 ~ +50<\/li>\n<li><strong>Waga, g:<\/strong>\u00a0870<\/li>\n<li><strong>Wymiar, mm:<\/strong>\u00a0\u2264 375.7\u00d791.6\u00d775<\/li>\n<\/ul>\n","protected":false},"excerpt":{"rendered":"<h2>Termowizja my\u015bliwska Bolt P25R<\/h2>\n<p data-start=\"253\" data-end=\"581\"><strong data-start=\"253\" data-end=\"268\">Nocpix P25R<\/strong>\u00a0z serii\u00a0<strong data-start=\"277\" data-end=\"285\">Bolt<\/strong>\u00a0to najnowszy celownik termowizyjny zaprojektowany z my\u015bl\u0105 o my\u015bliwych oczekuj\u0105cych najwy\u017cszej precyzji i niezawodno\u015bci. Urz\u0105dzenie korzysta z nowoczesnego detektora o czu\u0142o\u015bci\u00a0<strong data-start=\"462\" data-end=\"476\">NETD 20 mK<\/strong>\u00a0i technologii\u00a0<strong data-start=\"491\" data-end=\"500\">12 \u00b5m<\/strong>, co zapewnia wyj\u0105tkow\u0105 jako\u015b\u0107 obrazu nawet w trudnych warunkach atmosferycznych.<\/p>\n<p data-start=\"583\" data-end=\"747\">Wyposa\u017cony w cyfrowe powi\u0119kszenie od\u00a0<strong data-start=\"620\" data-end=\"635\">3.5x do 14x<\/strong>, pozwala na skuteczn\u0105 obserwacj\u0119 zwierzyny na r\u00f3\u017cnych dystansach \u2013 zar\u00f3wno podczas podchod\u00f3w, jak i z zasiadki.<\/p>\n<p data-start=\"749\" data-end=\"1167\"><strong data-start=\"749\" data-end=\"799\">Zasilanie dostosowane do wymagaj\u0105cych warunk\u00f3w<\/strong><br data-start=\"799\" data-end=\"802\" \/>Nocpix Bolt P25R korzysta ze sprawdzonego akumulatora\u00a0<strong data-start=\"856\" data-end=\"865\">18650<\/strong>, kt\u00f3ry cechuje si\u0119 wysok\u0105 odporno\u015bci\u0105 na niskie temperatury. Nawet przy -20\u00b0C bateria zachowuje do\u00a0<strong data-start=\"965\" data-end=\"983\">80% wydajno\u015bci<\/strong>, co czyni ten celownik idealnym narz\u0119dziem na zimowe polowania. Dodatkowo mo\u017cliwo\u015b\u0107 zasilania przez\u00a0<strong data-start=\"1084\" data-end=\"1097\">powerbank<\/strong>\u00a0sprawia, \u017ce mo\u017cesz korzysta\u0107 z urz\u0105dzenia bez przerwy przez ca\u0142\u0105 noc.<\/p>\n<p><strong>Jak ustawi\u0107 celownik termowizyjny?<\/strong><\/p>\n<p data-start=\"229\" data-end=\"511\"><strong data-start=\"229\" data-end=\"249\">Nocpix Bolt P25R<\/strong>\u00a0to celownik termowizyjny, kt\u00f3ry ustanawia nowy standard w swojej klasie cenowej. \u0141\u0105czy w sobie\u00a0<strong data-start=\"345\" data-end=\"399\">wysok\u0105 jako\u015b\u0107 obrazu, precyzyjny dalmierz laserowy<\/strong>\u00a0oraz zaawansowan\u0105 elektronik\u0119, oferuj\u0105c funkcje dost\u0119pne zazwyczaj wy\u0142\u0105cznie w znacznie dro\u017cszych urz\u0105dzeniach.<\/p>\n<p data-start=\"513\" data-end=\"931\"><strong data-start=\"513\" data-end=\"576\">Wyj\u0105tkowa czu\u0142o\u015b\u0107 \u2013 niezawodna detekcja w ka\u017cdych warunkach<\/strong><br data-start=\"576\" data-end=\"579\" \/>Dzi\u0119ki czu\u0142o\u015bci termicznej poni\u017cej\u00a0<strong data-start=\"614\" data-end=\"628\">20 mK NETD<\/strong>\u00a0i detektorowi\u00a0<strong data-start=\"643\" data-end=\"652\">12 \u00b5m<\/strong>, celownik umo\u017cliwia skuteczne wykrywanie nawet minimalnych r\u00f3\u017cnic temperatury. Algorytm przetwarzania obrazu\u00a0<strong data-start=\"762\" data-end=\"774\">Reality+<\/strong>\u00a0gwarantuje maksymaln\u0105 szczeg\u00f3\u0142owo\u015b\u0107 i ostro\u015b\u0107 obrazu \u2013 nawet w niesprzyjaj\u0105cych warunkach, takich jak g\u0119sta ro\u015blinno\u015b\u0107, mg\u0142a, deszcz czy ca\u0142kowita ciemno\u015b\u0107.<\/p>\n<p data-start=\"933\" data-end=\"1360\"><strong data-start=\"933\" data-end=\"989\">Zintegrowany dalmierz laserowy \u2013 trafiaj z pewno\u015bci\u0105<\/strong><br data-start=\"989\" data-end=\"992\" \/>Celownik zosta\u0142 wyposa\u017cony w\u00a0<strong data-start=\"1021\" data-end=\"1078\">precyzyjny dalmierz laserowy o zasi\u0119gu do 1200 metr\u00f3w<\/strong>, dzi\u0119ki czemu u\u017cytkownik zyskuje pewno\u015b\u0107 odleg\u0142o\u015bci do celu. Wbudowany\u00a0<strong data-start=\"1150\" data-end=\"1176\">kalkulator balistyczny<\/strong>\u00a0automatycznie uwzgl\u0119dnia odleg\u0142o\u015b\u0107 i inne parametry strza\u0142u, co znacz\u0105co zwi\u0119ksza szanse na skuteczne trafienie \u2013 zar\u00f3wno dla do\u015bwiadczonych my\u015bliwych, jak i pocz\u0105tkuj\u0105cych strzelc\u00f3w.<\/p>\n<p data-start=\"1362\" data-end=\"1657\"><strong data-start=\"1362\" data-end=\"1416\">Najlepszy stosunek jako\u015bci do ceny w swojej klasie<\/strong><br data-start=\"1416\" data-end=\"1419\" \/>Nocpix Bolt P25R to jedno z\u00a0<strong data-start=\"1447\" data-end=\"1540\">najbardziej przyst\u0119pnych cenowo urz\u0105dze\u0144 z wbudowanym dalmierzem i detektorem &lt;20 mK NETD<\/strong>. Oferuje doskona\u0142\u0105 jako\u015b\u0107 obrazu i zaawansowane funkcje, kt\u00f3re dot\u0105d zarezerwowane by\u0142y dla sprz\u0119tu z wy\u017cszej p\u00f3\u0142ki.<\/p>\n<p><strong>Daleki zasi\u0119g detekcji<\/strong><\/p>\n<p>Sensor termiczny 256&#215;192 oraz piksel 12um przek\u0142adaj\u0105 si\u0119 bezpo\u015brednio na szczeg\u00f3\u0142owo\u015b\u0107 obrazu, dalszy zasi\u0119g identyfikacji i rozpoznania obserwowanego obiektu.<\/p>\n<p><strong>Jak to wygl\u0105da w modelu Bolt P25R?<\/strong><\/p>\n<ul>\n<li>Zasi\u0119g wykrywania (zwierz\u0119) &#8211; 1200m<\/li>\n<\/ul>\n<p><strong>Jak dzia\u0142a celownik termowizyjny?<\/strong><\/p>\n<p data-start=\"214\" data-end=\"647\"><strong data-start=\"214\" data-end=\"257\">D\u0142ugie dzia\u0142anie i elastyczne zasilanie<\/strong><br data-start=\"257\" data-end=\"260\" \/>Celownik\u00a0<strong data-start=\"269\" data-end=\"289\">Nocpix Bolt P25R<\/strong>\u00a0zasilany jest popularnym i \u0142atwo dost\u0119pnym akumulatorem\u00a0<strong data-start=\"346\" data-end=\"355\">18650<\/strong>, kt\u00f3ry zapewnia nawet\u00a0<strong data-start=\"378\" data-end=\"414\">do 12 godzin nieprzerwanej pracy<\/strong>\u00a0w standardowych warunkach. Dodatkowo urz\u0105dzenie wyposa\u017cono w\u00a0<strong data-start=\"476\" data-end=\"490\">port USB-C<\/strong>, co umo\u017cliwia wygodne \u0142adowanie w terenie za pomoc\u0105\u00a0<strong data-start=\"543\" data-end=\"571\">powerbanka lub zasilacza<\/strong>, wyd\u0142u\u017caj\u0105c czas dzia\u0142ania i zwi\u0119kszaj\u0105c mobilno\u015b\u0107 podczas nocnych polowa\u0144.<\/p>\n<p data-start=\"649\" data-end=\"838\"><strong data-start=\"649\" data-end=\"694\">Intuicyjna obs\u0142uga i pe\u0142na personalizacja<\/strong><br data-start=\"694\" data-end=\"697\" \/>Cho\u0107 wyposa\u017cony w zaawansowan\u0105 technologi\u0119, celownik\u00a0<strong data-start=\"750\" data-end=\"763\">Bolt P25R<\/strong>\u00a0zosta\u0142 zaprojektowany z my\u015bl\u0105 o prostocie u\u017cytkowania. Urz\u0105dzenie oferuje:<\/p>\n<ul data-start=\"840\" data-end=\"1274\">\n<li data-start=\"840\" data-end=\"940\">\n<p data-start=\"842\" data-end=\"940\"><strong data-start=\"842\" data-end=\"874\">Regulowane siatki celownicze<\/strong>\u00a0z mo\u017cliwo\u015bci\u0105 dostosowania do rodzaju broni i stylu strzelania,<\/p>\n<\/li>\n<li data-start=\"941\" data-end=\"1015\">\n<p data-start=\"943\" data-end=\"1015\"><strong data-start=\"943\" data-end=\"979\">Indywidualne profile balistyczne<\/strong>\u00a0dla r\u00f3\u017cnych kalibr\u00f3w i dystans\u00f3w,<\/p>\n<\/li>\n<li data-start=\"1016\" data-end=\"1123\">\n<p data-start=\"1018\" data-end=\"1123\"><strong data-start=\"1018\" data-end=\"1053\">7 tryb\u00f3w kolorystycznych obrazu<\/strong>, idealnie dopasowanych do r\u00f3\u017cnych warunk\u00f3w pogodowych i terenowych,<\/p>\n<\/li>\n<li data-start=\"1124\" data-end=\"1274\">\n<p data-start=\"1126\" data-end=\"1274\"><strong data-start=\"1126\" data-end=\"1160\">Integracj\u0119 z aplikacj\u0105 mobiln\u0105<\/strong>, kt\u00f3ra pozwala zarz\u0105dza\u0107 ustawieniami, przegl\u0105da\u0107 nagrania i eksportowa\u0107 dane \u2013 szybko, wygodnie i bezprzewodowo.<\/p>\n<\/li>\n<\/ul>\n<p data-start=\"1276\" data-end=\"1404\">To wszystko sprawia, \u017ce obs\u0142uga urz\u0105dzenia jest nie tylko \u0142atwa, ale te\u017c przyjemna, nawet dla mniej do\u015bwiadczonych u\u017cytkownik\u00f3w.<\/p>\n<p data-start=\"1406\" data-end=\"1783\"><strong data-start=\"1406\" data-end=\"1444\">Wytrzyma\u0142o\u015b\u0107, kt\u00f3rej mo\u017cesz zaufa\u0107<\/strong><br data-start=\"1444\" data-end=\"1447\" \/>Nocpix Bolt P25R zosta\u0142 stworzony z my\u015bl\u0105 o ekstremalnym u\u017cytkowaniu.\u00a0<strong data-start=\"1517\" data-end=\"1564\">Jednobry\u0142owa obudowa z aluminium lotniczego<\/strong>, pe\u0142na wodoszczelno\u015b\u0107 klasy\u00a0<strong data-start=\"1593\" data-end=\"1601\">IP67<\/strong>, odporno\u015b\u0107 na\u00a0<strong data-start=\"1616\" data-end=\"1646\">kurz, wstrz\u0105sy oraz odrzut<\/strong>\u00a0sprawiaj\u0105, \u017ce jest to sprz\u0119t stworzony na lata intensywnej eksploatacji w ka\u017cdych warunkach \u2013 od wilgotnych las\u00f3w po mro\u017ane zimowe noce<\/p>\n<div class=\"dictionary__param\" data-producer=\"true\">\n<div class=\"dictionary__name\"><span class=\"dictionary__name_txt\">Marka<\/span><\/div>\n<div class=\"dictionary__values\">\n<div class=\"dictionary__value\"><a class=\"dictionary__value_txt\" title=\"Kliknij, by zobaczy\u0107 wszystkie produkty tej marki\" href=\"https:\/\/elektromaniacy.pl\/pl\/producers\/nocpix-1727079647.html\">Nocpix<\/a><\/div>\n<\/div>\n<\/div>\n<div class=\"dictionary__param\" data-responsible-entity=\"true\">\n<div class=\"dictionary__values\">\n<div class=\"dictionary__value\"><span class=\"dictionary__name_txt\">Symbol <\/span>18903<\/div>\n<\/div>\n<\/div>\n<div class=\"dictionary__param\" data-series=\"true\">\n<div class=\"dictionary__name\"><span class=\"dictionary__name_txt\">Seria <\/span><a class=\"dictionary__value_txt\" title=\"Kliknij, by zobaczy\u0107 wszystkie produkty z tej serii\" href=\"https:\/\/elektromaniacy.pl\/pl\/series\/bolt-24.html\">Bolt<\/a><\/div>\n<\/div>\n<div class=\"dictionary__param\" data-waranty=\"true\">\n<div class=\"dictionary__name\"><span class=\"dictionary__name_txt\">Gwarancja <\/span><a class=\"dictionary__value_txt\" title=\"Kliknij, aby przeczyta\u0107 warunki gwarancji\" href=\"https:\/\/elektromaniacy.pl\/pl\/products\/luneta-termowizyjna-z-dalmierzem-nocpix-bolt-p25r-18903.html#projector_warranty\">Gwarancja 36 miesi\u0119cy<\/a><\/div>\n<\/div>\n<div class=\"dictionary__param\">\n<div class=\"dictionary__name\"><span class=\"dictionary__name_txt\">Pojemno\u015b\u0107 pami\u0119ci, GB<\/span>32GB<\/div>\n<\/div>\n<div class=\"dictionary__param\">\n<div class=\"dictionary__name\"><span class=\"dictionary__name_txt\">Waga, g (z bateri\u0105) <\/span>870g<\/div>\n<\/div>\n<div class=\"dictionary__param\">\n<div class=\"dictionary__name\"><span class=\"dictionary__name_txt\">WIFI &amp; Aplikacja <\/span>Tak<\/div>\n<\/div>\n<div class=\"dictionary__param\">\n<div class=\"dictionary__name\"><span class=\"dictionary__name_txt\">Wymiary: <\/span>375.7\u00d791.6\u00d775<\/div>\n<\/div>\n<div class=\"dictionary__param\">\n<div class=\"dictionary__name\"><span class=\"dictionary__name_txt\">Nagrywanie zdj\u0119\u0107, wideo i audio <\/span>Tak<\/div>\n<\/div>\n<div class=\"dictionary__param\">\n<div class=\"dictionary__name\"><span class=\"dictionary__name_txt\">Model <\/span>P25R<\/div>\n<\/div>\n<div class=\"dictionary__param\">\n<div class=\"dictionary__name\"><span class=\"dictionary__name_txt\">Nazwa serii <\/span>Bolt<\/div>\n<\/div>\n<div class=\"dictionary__param\">\n<div class=\"dictionary__name\"><span class=\"dictionary__name_txt\">Czujnik termiczny <\/span>256&#215;192 &amp; 12\u03bcm<\/div>\n<\/div>\n<div class=\"dictionary__param\">\n<div class=\"dictionary__name\"><span class=\"dictionary__name_txt\">NETD, mK <\/span>\u2264 20<\/div>\n<\/div>\n<div class=\"dictionary__param\">\n<div class=\"dictionary__name\"><span class=\"dictionary__name_txt\">Cz\u0119stotliwo\u015b\u0107 od\u015bwie\u017cania, Hz <\/span>50<\/div>\n<\/div>\n<div class=\"dictionary__param\">\n<div class=\"dictionary__name\"><span class=\"dictionary__name_txt\">Obiektyw, mm <\/span>25 F1.0<\/div>\n<\/div>\n<div class=\"dictionary__param\">\n<div class=\"dictionary__name\"><span class=\"dictionary__name_txt\">Pole widzenia (H\u00d7V), \u00b0\/m@100m<\/span><\/div>\n<div class=\"dictionary__values\">\n<div class=\"dictionary__value\"><span class=\"dictionary__value_txt\">7.0\u00d75.3\/12.3\u00d79.2<\/span><\/div>\n<\/div>\n<\/div>\n<div class=\"dictionary__param\">\n<div class=\"dictionary__name\"><span class=\"dictionary__name_txt\">Powi\u0119kszenie, \u00d7<\/span><\/div>\n<div class=\"dictionary__values\">\n<div class=\"dictionary__value\"><span class=\"dictionary__value_txt\">3.5~14<\/span><\/div>\n<\/div>\n<\/div>\n<div class=\"dictionary__param\">\n<div class=\"dictionary__name\"><span class=\"dictionary__name_txt\">Zasi\u0119g detekcji, m (rozmiar celu: 1,7m\u00d70,5m, P(n)=99%) <\/span>1200m<\/div>\n<\/div>\n<div class=\"dictionary__param\">\n<div class=\"dictionary__name\"><span class=\"dictionary__name_txt\">Dioptrie, D <\/span>-5~5<\/div>\n<\/div>\n<div class=\"dictionary__param\">\n<div class=\"dictionary__name\"><span class=\"dictionary__name_txt\">Bateria <\/span>Wbudowany akumulator \/ 5000mAh + wymienny akumulator 18650<\/div>\n<\/div>\n<div class=\"dictionary__param\">\n<div class=\"dictionary__name\"><span class=\"dictionary__name_txt\">Maks. czas pracy, (t=22\u2103) h <\/span>12<\/div>\n<\/div>\n<div class=\"dictionary__param\">\n<div class=\"dictionary__name\"><span class=\"dictionary__name_txt\">Kalkulacja balistyczna <\/span>Tak<\/div>\n<\/div>\n<div class=\"dictionary__param\">\n<div class=\"dictionary__name\"><span class=\"dictionary__name_txt\">Zasi\u0119g dalmierza LRF <\/span>1200<\/div>\n<\/div>\n","protected":false},"featured_media":1871,"comment_status":"open","ping_status":"closed","template":"","meta":{"ocean_post_layout":"","ocean_both_sidebars_style":"","ocean_both_sidebars_content_width":0,"ocean_both_sidebars_sidebars_width":0,"ocean_sidebar":"0","ocean_second_sidebar":"0","ocean_disable_margins":"enable","ocean_add_body_class":"","ocean_shortcode_before_top_bar":"","ocean_shortcode_after_top_bar":"","ocean_shortcode_before_header":"","ocean_shortcode_after_header":"","ocean_has_shortcode":"","ocean_shortcode_after_title":"","ocean_shortcode_before_footer_widgets":"","ocean_shortcode_after_footer_widgets":"","ocean_shortcode_before_footer_bottom":"","ocean_shortcode_after_footer_bottom":"","ocean_display_top_bar":"default","ocean_display_header":"default","ocean_header_style":"","ocean_center_header_left_menu":"0","ocean_custom_header_template":"0","ocean_custom_logo":1869,"ocean_custom_retina_logo":0,"ocean_custom_logo_max_width":0,"ocean_custom_logo_tablet_max_width":0,"ocean_custom_logo_mobile_max_width":0,"ocean_custom_logo_max_height":0,"ocean_custom_logo_tablet_max_height":0,"ocean_custom_logo_mobile_max_height":0,"ocean_header_custom_menu":"0","ocean_menu_typo_font_family":"0","ocean_menu_typo_font_subset":"","ocean_menu_typo_font_size":0,"ocean_menu_typo_font_size_tablet":0,"ocean_menu_typo_font_size_mobile":0,"ocean_menu_typo_font_size_unit":"px","ocean_menu_typo_font_weight":"","ocean_menu_typo_font_weight_tablet":"","ocean_menu_typo_font_weight_mobile":"","ocean_menu_typo_transform":"","ocean_menu_typo_transform_tablet":"","ocean_menu_typo_transform_mobile":"","ocean_menu_typo_line_height":0,"ocean_menu_typo_line_height_tablet":0,"ocean_menu_typo_line_height_mobile":0,"ocean_menu_typo_line_height_unit":"","ocean_menu_typo_spacing":0,"ocean_menu_typo_spacing_tablet":0,"ocean_menu_typo_spacing_mobile":0,"ocean_menu_typo_spacing_unit":"","ocean_menu_link_color":"","ocean_menu_link_color_hover":"","ocean_menu_link_color_active":"","ocean_menu_link_background":"","ocean_menu_link_hover_background":"","ocean_menu_link_active_background":"","ocean_menu_social_links_bg":"","ocean_menu_social_hover_links_bg":"","ocean_menu_social_links_color":"","ocean_menu_social_hover_links_color":"","ocean_disable_title":"default","ocean_disable_heading":"default","ocean_post_title":"","ocean_post_subheading":"","ocean_post_title_style":"","ocean_post_title_background_color":"","ocean_post_title_background":0,"ocean_post_title_bg_image_position":"","ocean_post_title_bg_image_attachment":"","ocean_post_title_bg_image_repeat":"","ocean_post_title_bg_image_size":"","ocean_post_title_height":0,"ocean_post_title_bg_overlay":0.5,"ocean_post_title_bg_overlay_color":"","ocean_disable_breadcrumbs":"default","ocean_breadcrumbs_color":"","ocean_breadcrumbs_separator_color":"","ocean_breadcrumbs_links_color":"","ocean_breadcrumbs_links_hover_color":"","ocean_display_footer_widgets":"default","ocean_display_footer_bottom":"default","ocean_custom_footer_template":"0"},"product_brand":[],"product_cat":[117,42,115],"product_tag":[],"class_list":{"0":"post-1868","1":"product","2":"type-product","3":"status-publish","4":"has-post-thumbnail","6":"product_cat-celowniki-termowizja","7":"product_cat-optyka","8":"product_cat-termowizja","10":"entry","11":"has-media","13":"first","14":"instock","15":"taxable","16":"shipping-taxable","17":"purchasable","18":"product-type-simple","19":"has-product-nav","20":"col","21":"span_1_of_3","22":"owp-content-center","23":"owp-thumbs-layout-horizontal","24":"owp-btn-normal","25":"owp-tabs-layout-horizontal"},"jetpack_sharing_enabled":true,"_links":{"self":[{"href":"https:\/\/www.hunteria.pl\/index.php?rest_route=\/wp\/v2\/product\/1868","targetHints":{"allow":["GET"]}}],"collection":[{"href":"https:\/\/www.hunteria.pl\/index.php?rest_route=\/wp\/v2\/product"}],"about":[{"href":"https:\/\/www.hunteria.pl\/index.php?rest_route=\/wp\/v2\/types\/product"}],"replies":[{"embeddable":true,"href":"https:\/\/www.hunteria.pl\/index.php?rest_route=%2Fwp%2Fv2%2Fcomments&post=1868"}],"wp:featuredmedia":[{"embeddable":true,"href":"https:\/\/www.hunteria.pl\/index.php?rest_route=\/wp\/v2\/media\/1871"}],"wp:attachment":[{"href":"https:\/\/www.hunteria.pl\/index.php?rest_route=%2Fwp%2Fv2%2Fmedia&parent=1868"}],"wp:term":[{"taxonomy":"product_brand","embeddable":true,"href":"https:\/\/www.hunteria.pl\/index.php?rest_route=%2Fwp%2Fv2%2Fproduct_brand&post=1868"},{"taxonomy":"product_cat","embeddable":true,"href":"https:\/\/www.hunteria.pl\/index.php?rest_route=%2Fwp%2Fv2%2Fproduct_cat&post=1868"},{"taxonomy":"product_tag","embeddable":true,"href":"https:\/\/www.hunteria.pl\/index.php?rest_route=%2Fwp%2Fv2%2Fproduct_tag&post=1868"}],"curies":[{"name":"wp","href":"https:\/\/api.w.org\/{rel}","templated":true}]}}